{"id":2,"date":"2009-08-22T20:33:12","date_gmt":"2009-08-22T19:33:12","guid":{"rendered":"http:\/\/jarek.sledczy.pl\/?page_id=2"},"modified":"2025-08-28T22:05:04","modified_gmt":"2025-08-28T21:05:04","slug":"info","status":"publish","type":"page","link":"https:\/\/jarek.sledczy.pl\/?page_id=2","title":{"rendered":"O Jarku"},"content":{"rendered":"<p style=\"text-align: center;\">Jaros\u0142aw Zi\u0119tara (1968-1992) urodzi\u0142 si\u0119 w Bydgoszczy, by\u0142 absolwentem tamtejszego VI LO im. J.J. \u015aniadeckich.\u00a0 W ostatnich latach \u017cycia mieszka\u0142 w\u00a0Poznaniu. Uko\u0144czy\u0142 studnia na Uniwersytecie im. Adama Mickiewicza.<\/p>\n<p style=\"text-align: center;\"><img loading=\"lazy\" decoding=\"async\" class=\"alignnone\" title=\"Jaros\u0142aw Zi\u0119tara w Uniwersyteckim Centrum Radiowym, fot.\/repr. Krzysztof M. Ka\u017amierczak\" src=\"http:\/\/jarek.sledczy.pl\/graf\/jarekwww2.jpg\" alt=\"\" width=\"458\" height=\"360\" \/><\/p>\n<p style=\"text-align: center;\">Koledzy ze studi\u00f3w i redakcji wspominaj\u0105 go jako ambitnego,\u00a0inteligentnego\u00a0cz\u0142owieka, dla kt\u00f3rego dziennikarstwo by\u0142o prawdziw\u0105 pasj\u0105.\u00a0Zna\u0142 biegle trzy j\u0119zyki (rosyjski, francuski i esperanto), intensywnie uczy\u0142 si\u0119 angielskiego.<\/p>\n<p style=\"text-align: center;\">Zi\u0119tara mimo m\u0142odego wieku mia\u0142 du\u017ce do\u015bwiadczenie zawodowe. \u00a0Niemal od pocz\u0105tku studi\u00f3w pracowa\u0142 jako dziennikarz. By\u0142 podpor\u0105 pozna\u0144skiego radia akademickiego, Uniwersyteckiego Centrum Radiowego (przez pewien czas by\u0142 jego szefem). Jako student wsp\u00f3\u0142pracowa\u0142 z &#8222;Gazet\u0105 Wyborcz\u0105&#8221;, &#8222;Kurierem Codziennym&#8221; i dziennikiem &#8222;Dzisiaj&#8221;. W 1991 roku\u00a0otrzyma\u0142 etat w tygodniku &#8222;Wprost&#8221;, a na pocz\u0105tku 1992 roku w &#8222;Gazecie Pozna\u0144skiej&#8221;, gdzie zajmowa\u0142 si\u0119 m.in. tematyk\u0105 polityczn\u0105 i\u00a0aferami gospodarczymi.<\/p>\n<p style=\"text-align: center;\">W latach 1991-1992 Zi\u0119tar\u0119 pr\u00f3bowano zwerbowa\u0107 do pracy w Urz\u0119dzie Ochrony Pa\u0144stwa, a kiedy odm\u00f3wi\u0142 &#8211; oferowano mu wsp\u00f3\u0142prac\u0119.\u00a0Nied\u0142ugo przed uprowadzeniem opisa\u0142 przekr\u0119ty w bazach pa\u0144stwowych przedsi\u0119biorstw transportowych. Sprawa przynios\u0142a mu rozg\u0142os, jego tekst przedrukowa\u0142a &#8222;Rzeczpospolita&#8221;.<\/p>\n<p style=\"text-align: center;\">Od jesieni 1991 roku Jaros\u0142aw Zi\u0119tara prowadzi\u0142 w tajemnicy wielomiesi\u0119czne \u015bledztwo dziennikarskie. Dotyczy\u0142o powi\u0105zanych za sob\u0105 firm i biznesmen\u00f3w z Poznania nale\u017c\u0105cych wtedy do najbogatszych Polak\u00f3w. Wi\u0119cej czytaj w <a href=\"https:\/\/jarek.sledczy.pl\/?page_id=7\"><strong>SPRAWA<\/strong><\/a><strong>.<\/strong><\/p>\n<p style=\"text-align: center;\"><img loading=\"lazy\" decoding=\"async\" class=\"alignnone\" title=\"Jaros\u0142aw Zi\u0119tara, fot.\/repr. Krzysztof M. Ka\u017amierczak\" src=\"http:\/\/jarek.sledczy.pl\/graf\/jarekwww1.jpg\" alt=\"\" width=\"516\" height=\"385\" \/><\/p>\n<p style=\"text-align: center;\">Gra\u0142 w siatk\u00f3wk\u0119, by\u0142 zakochany w g\u00f3rach. Lubi\u0142\u00a0muzyk\u0119 &#8211; najbardziej U2 i Voo Voo.<\/p>\n<p style=\"text-align: center;\"><img loading=\"lazy\" decoding=\"async\" class=\"alignnone\" title=\"Jaros\u0142aw Zi\u0119tara, fot.\/repr. Krzysztof M. Ka\u017amierczak\" src=\"http:\/\/jarek.sledczy.pl\/graf\/jarekwww4.jpg\" alt=\"\" width=\"400\" height=\"524\" \/><\/p>\n<p style=\"text-align: center;\">Symboliczny gr\u00f3b dziennikarza znajduje si\u0119 na cmentarzu w rodzinnej Bydgoszczy. Obok rodzic\u00f3w, kt\u00f3rzy po\u015bwi\u0119cili wiele lat \u017cycia na bezskuteczne domaganie si\u0119 sprawiedliwo\u015bci w sprawie zamordowanego syna.<\/p>\n<p>&nbsp;<\/p>\n<p>&nbsp;<\/p>\n","protected":false},"excerpt":{"rendered":"<p>Jaros\u0142aw Zi\u0119tara (1968-1992) urodzi\u0142 si\u0119 w Bydgoszczy, by\u0142 absolwentem tamtejszego VI LO im. J.J. \u015aniadeckich.\u00a0 W ostatnich latach \u017cycia mieszka\u0142 w\u00a0Poznaniu. Uko\u0144czy\u0142 studnia na Uniwersytecie im. Adama Mickiewicza. Koledzy ze studi\u00f3w i redakcji wspominaj\u0105 go jako ambitnego,\u00a0inteligentnego\u00a0cz\u0142owieka, dla kt\u00f3rego dziennikarstwo by\u0142o prawdziw\u0105 pasj\u0105.\u00a0Zna\u0142 biegle trzy j\u0119zyki (rosyjski, francuski i esperanto), intensywnie uczy\u0142 si\u0119 angielskiego. Zi\u0119tara [&hellip;]<\/p>\n","protected":false},"author":2,"featured_media":0,"parent":0,"menu_order":3,"comment_status":"closed","ping_status":"closed","template":"","meta":{"footnotes":""},"class_list":["post-2","page","type-page","status-publish","hentry","clear"],"_links":{"self":[{"href":"https:\/\/jarek.sledczy.pl\/index.php?rest_route=\/wp\/v2\/pages\/2"}],"collection":[{"href":"https:\/\/jarek.sledczy.pl\/index.php?rest_route=\/wp\/v2\/pages"}],"about":[{"href":"https:\/\/jarek.sledczy.pl\/index.php?rest_route=\/wp\/v2\/types\/page"}],"author":[{"embeddable":true,"href":"https:\/\/jarek.sledczy.pl\/index.php?rest_route=\/wp\/v2\/users\/2"}],"replies":[{"embeddable":true,"href":"https:\/\/jarek.sledczy.pl\/index.php?rest_route=%2Fwp%2Fv2%2Fcomments&post=2"}],"version-history":[{"count":24,"href":"https:\/\/jarek.sledczy.pl\/index.php?rest_route=\/wp\/v2\/pages\/2\/revisions"}],"predecessor-version":[{"id":1862,"href":"https:\/\/jarek.sledczy.pl\/index.php?rest_route=\/wp\/v2\/pages\/2\/revisions\/1862"}],"wp:attachment":[{"href":"https:\/\/jarek.sledczy.pl\/index.php?rest_route=%2Fwp%2Fv2%2Fmedia&parent=2"}],"curies":[{"name":"wp","href":"https:\/\/api.w.org\/{rel}","templated":true}]}}