{"id":7,"date":"2009-08-22T21:04:59","date_gmt":"2009-08-22T20:04:59","guid":{"rendered":"http:\/\/jarek.sledczy.pl\/?page_id=7"},"modified":"2025-08-28T22:07:24","modified_gmt":"2025-08-28T21:07:24","slug":"sprawa-jaroslawa-zietary","status":"publish","type":"page","link":"https:\/\/jarek.sledczy.pl\/?page_id=7","title":{"rendered":"Sprawa Zi\u0119tary"},"content":{"rendered":"<p style=\"text-align: center;\"><span style=\"color: #0000ff;\"><span style=\"color: #000000;\"><a href=\"http:\/\/jarek.sledczy.pl\/?page_id=2\"><img loading=\"lazy\" decoding=\"async\" class=\"aligncenter\" title=\"Jaros\u0142aw Zi\u0119tara, fot.\/repr. Krzysztof M. Ka\u017amierczak\" src=\"http:\/\/jarek.sledczy.pl\/graf\/jarekwww0.jpg\" alt=\"\" width=\"181\" height=\"265\" \/><\/a><\/span><\/span><a href=\"http:\/\/jarek.sledczy.pl\/?page_id=2\"><span style=\"color: #0000ff;\">Jaros\u0142aw Zi\u0119tara<\/span><\/a> 1 wrze\u015bnia 1992 roku zosta\u0142 porwany w drodze do redakcji &#8222;Gazety Pozna\u0144skiej&#8221;, w kt\u00f3rej pracowa\u0142.<\/p>\n<p style=\"text-align: center;\"><strong>Dziennikarz od 1991 roku potajemnie zajmowa\u0142 si\u0119 wielk\u0105 afer\u0105 gospodarcz\u0105 zwi\u0105zan\u0105 z przemytem alkoholu na ogromn\u0105 skal\u0119, w kt\u00f3r\u0105 zamieszani byli biznesmeni z kr\u0119gu najbogatszych ludzi w Polsce oraz osoby powi\u0105zane z poprzednimi i \u00f3wczesnymi w\u0142adzami oraz s\u0142u\u017cbami specjalnymi.<\/strong><\/p>\n<p style=\"text-align: center;\">Wed\u0142ug ustale\u0144 \u015bledztwa prowadzonego w latach 2011-2016 pr\u00f3bowano dziennikarza przekupi\u0107, zastraszy\u0107, a kiedy nie przynios\u0142o to rezultat\u00f3w &#8211; zdecydowano si\u0119 na porwanie i zab\u00f3jstwo. Celem zbrodni by\u0142o uniemo\u017cliwienie opublikowania przez Zi\u0119tar\u0119 wynik\u00f3w jego \u015bledztwa, co oznacza\u0142oby koniec dochodowych interes\u00f3w.<\/p>\n<p style=\"text-align: center;\"><strong>Wed\u0142ug ustale\u0144 prokuratury i zezna\u0144 \u015bwiadk\u00f3w wiadomo, \u017ce Jaros\u0142aw Zi\u0119tara zosta\u0142 porwany, by\u0142 torturowany i zosta\u0142 zamordowany, a jego zw\u0142oki rozpuszczono w kwasie, by pozby\u0107 si\u0119 zasadniczego dowodu zbrodni.<\/strong><\/p>\n<p style=\"text-align: center;\">W pocz\u0105tkowej fazie po znikni\u0119ciu dziennikarza pope\u0142niono liczne b\u0142\u0119dy. Bagatelizowano wersje wskazuj\u0105ce, \u017ce dziennikarz pad\u0142 ofiar\u0105 przest\u0119pstwa. Priorytetowo traktowano nie maj\u0105ce podstaw dowodowych wersj\u0119 o ucieczce za granice, czy samob\u00f3jstwie.<\/p>\n<p style=\"text-align: center;\">Rodzina Jaros\u0142awa Zi\u0119tary od po\u0142owy lat 90. bezskutecznie zabiega\u0142a o \u00a0przekazanie sprawy prokuraturze spoza Wielkopolski. \u00a0W 2008 roku, po uzyskaniu po raz pierwszy dost\u0119pu do akt sprawy, dziennikarze rozpocz\u0119li starania o wznowienie \u015bledztwa i przekazanie go innej prokuraturze.<\/p>\n<p style=\"text-align: center;\">W efekcie apeli medi\u00f3w i parlamentarzyst\u00f3w oraz ujawnienia w marcu 2011 roku przez dziennikarzy nowych, nieznanych okoliczno\u015bci sprawy Prokuratura Generalna w czerwcu 2011 roku poleci\u0142a wznowi\u0107 \u015bledztwo dotycz\u0105ce porwania Jaros\u0142awa Zi\u0119tary. \u00a0Znaleziono wtedy\u00a0w archiwum Agencji Bezpiecze\u0144stwa Wewn\u0119trznego i Agencji Wywiadu dokumenty dotycz\u0105ce pr\u00f3by werbowania dziennikarza do Urz\u0119du Ochrony Pa\u0144stwa.<\/p>\n","protected":false},"excerpt":{"rendered":"<p>Jaros\u0142aw Zi\u0119tara 1 wrze\u015bnia 1992 roku zosta\u0142 porwany w drodze do redakcji &#8222;Gazety Pozna\u0144skiej&#8221;, w kt\u00f3rej pracowa\u0142. Dziennikarz od 1991 roku potajemnie zajmowa\u0142 si\u0119 wielk\u0105 afer\u0105 gospodarcz\u0105 zwi\u0105zan\u0105 z przemytem alkoholu na ogromn\u0105 skal\u0119, w kt\u00f3r\u0105 zamieszani byli biznesmeni z kr\u0119gu najbogatszych ludzi w Polsce oraz osoby powi\u0105zane z poprzednimi i \u00f3wczesnymi w\u0142adzami oraz s\u0142u\u017cbami [&hellip;]<\/p>\n","protected":false},"author":2,"featured_media":0,"parent":0,"menu_order":2,"comment_status":"closed","ping_status":"closed","template":"","meta":{"footnotes":""},"class_list":["post-7","page","type-page","status-publish","hentry","clear"],"_links":{"self":[{"href":"https:\/\/jarek.sledczy.pl\/index.php?rest_route=\/wp\/v2\/pages\/7"}],"collection":[{"href":"https:\/\/jarek.sledczy.pl\/index.php?rest_route=\/wp\/v2\/pages"}],"about":[{"href":"https:\/\/jarek.sledczy.pl\/index.php?rest_route=\/wp\/v2\/types\/page"}],"author":[{"embeddable":true,"href":"https:\/\/jarek.sledczy.pl\/index.php?rest_route=\/wp\/v2\/users\/2"}],"replies":[{"embeddable":true,"href":"https:\/\/jarek.sledczy.pl\/index.php?rest_route=%2Fwp%2Fv2%2Fcomments&post=7"}],"version-history":[{"count":60,"href":"https:\/\/jarek.sledczy.pl\/index.php?rest_route=\/wp\/v2\/pages\/7\/revisions"}],"predecessor-version":[{"id":1864,"href":"https:\/\/jarek.sledczy.pl\/index.php?rest_route=\/wp\/v2\/pages\/7\/revisions\/1864"}],"wp:attachment":[{"href":"https:\/\/jarek.sledczy.pl\/index.php?rest_route=%2Fwp%2Fv2%2Fmedia&parent=7"}],"curies":[{"name":"wp","href":"https:\/\/api.w.org\/{rel}","templated":true}]}}